{"id":59005,"date":"2025-01-07T10:48:22","date_gmt":"2025-01-07T09:48:22","guid":{"rendered":"https:\/\/klankennest.be\/?page_id=59005"},"modified":"2025-01-07T10:52:40","modified_gmt":"2025-01-07T09:52:40","slug":"vision","status":"publish","type":"page","link":"https:\/\/klankennest.be\/fr\/visie\/","title":{"rendered":"Vision"},"content":{"rendered":"<div data-elementor-type=\"wp-page\" data-elementor-id=\"59005\" class=\"elementor elementor-59005\">\n\t\t\t\t<div class=\"elementor-element elementor-element-87cb5df e-flex e-con-boxed e-con e-parent\" data-id=\"87cb5df\" data-element_type=\"container\" data-e-type=\"container\">\n\t\t\t\t\t<div class=\"e-con-inner\">\n\t\t<div class=\"elementor-element elementor-element-c2d03c9 e-con-full e-flex e-con e-child\" data-id=\"c2d03c9\" data-element_type=\"container\" data-e-type=\"container\">\n\t\t\t\t<div class=\"elementor-element elementor-element-3ec33c4 elementor-widget elementor-widget-heading\" data-id=\"3ec33c4\" data-element_type=\"widget\" data-e-type=\"widget\" data-widget_type=\"heading.default\">\n\t\t\t\t<div class=\"elementor-widget-container\">\n\t\t\t\t\t<h1 class=\"elementor-heading-title elementor-size-default\">Vision<\/h1>\t\t\t\t<\/div>\n\t\t\t\t<\/div>\n\t\t\t\t<\/div>\n\t\t\t\t\t<\/div>\n\t\t\t\t<\/div>\n\t\t<div class=\"elementor-element elementor-element-c7add03 e-flex e-con-boxed e-con e-parent\" data-id=\"c7add03\" data-element_type=\"container\" data-e-type=\"container\">\n\t\t\t\t\t<div class=\"e-con-inner\">\n\t\t<div class=\"elementor-element elementor-element-c56ecad e-con-full e-flex e-con e-child\" data-id=\"c56ecad\" data-element_type=\"container\" data-e-type=\"container\">\n\t\t<div class=\"elementor-element elementor-element-10f802e e-con-full e-flex e-con e-child\" data-id=\"10f802e\" data-element_type=\"container\" data-e-type=\"container\" data-settings=\"{&quot;background_background&quot;:&quot;classic&quot;}\">\n\t\t\t\t<div class=\"elementor-element elementor-element-13e83c1 elementor-widget elementor-widget-heading\" data-id=\"13e83c1\" data-element_type=\"widget\" data-e-type=\"widget\" data-widget_type=\"heading.default\">\n\t\t\t\t<div class=\"elementor-widget-container\">\n\t\t\t\t\t<h2 class=\"elementor-heading-title elementor-size-default\">Qu'est-ce que Nid Sonore ?<\/h2>\t\t\t\t<\/div>\n\t\t\t\t<\/div>\n\t\t\t\t<div class=\"elementor-element elementor-element-7546655 elementor-widget elementor-widget-text-editor\" data-id=\"7546655\" data-element_type=\"widget\" data-e-type=\"widget\" data-widget_type=\"text-editor.default\">\n\t\t\t\t<div class=\"elementor-widget-container\">\n\t\t\t\t\t\t\t\t\t Le collectif Nid Sonore (Klankennest) d\u00e9veloppe une offre artistique pour les tout-petits (de 0 \u00e0 4 ans), en mettant l'accent sur la musique et les arts visuels. Avec une \u00e9quipe d'artistes permanents, Nid Sonore cr\u00e9e des spectacles, des installations, des concerts et des visites de mus\u00e9es qui invitent les tout-petits et leurs (grand-)parents \u00e0 la d\u00e9couverte et \u00e0 l'\u00e9merveillement. \t\t\t\t\t\t\t\t<\/div>\n\t\t\t\t<\/div>\n\t\t\t\t<\/div>\n\t\t\t\t<\/div>\n\t\t<div class=\"elementor-element elementor-element-77ec2a5 e-con-full e-flex e-con e-child\" data-id=\"77ec2a5\" data-element_type=\"container\" data-e-type=\"container\">\n\t\t\t\t<div class=\"elementor-element elementor-element-4861c50 elementor-widget elementor-widget-text-editor\" data-id=\"4861c50\" data-element_type=\"widget\" data-e-type=\"widget\" data-widget_type=\"text-editor.default\">\n\t\t\t\t<div class=\"elementor-widget-container\">\n\t\t\t\t\t\t\t\t\t<p>Chaque enfant poss\u00e8de une sensibilit\u00e9 naturelle au son, \u00e0 l'exp\u00e9rimentation et aux exp\u00e9riences sensorielles. Nid Sonore est convaincu que stimuler cette sensibilit\u00e9 a un effet b\u00e9n\u00e9fique sur le d\u00e9veloppement d'un enfant, m\u00eame avant sa naissance. C'est pourquoi nous offrons aux parents la possibilit\u00e9 de faire d\u00e9couvrir \u00e0 leur enfant, d\u00e8s les premiers mois et ann\u00e9es, la musique et l'art de mani\u00e8re qualitative.<\/p><p>La perception sonore chez les jeunes enfants est un processus complexe qui va au-del\u00e0 du simple fait d'\u00e9couter : ils vivent la musique de fa\u00e7on sensorielle, avec tout leur corps, et dans une interaction constante avec ce qu'ils voient et ressentent. Le meilleur environnement d'\u00e9coute et d'apprentissage pour un enfant est un endroit o\u00f9 il peut d\u00e9couvrir et jouer sans contrainte. Chaque cr\u00e9ation accorde une attention particuli\u00e8re \u00e0 la mise en place d'un contexte artistique qui soutient et encourage cette mani\u00e8re active et \u00ab corporelle \u00bb d'\u00e9couter.<\/p><p>Une approche transdisciplinaire est essentielle : son, image et mouvement se fondent dans un environnement chaleureux et s\u00e9curisant qui stimule les sens. Nid Sonore \u00e9vite le langage parl\u00e9, ce qui donne lieu \u00e0 une esth\u00e9tique po\u00e9tique mais abstraite et universelle. L'imagination des tout-petits est continuellement \u00e9veill\u00e9e, mais dirig\u00e9e aussi peu que possible.<\/p><p>Nid Sonore cr\u00e9e non seulement pour les tout-petits, mais aussi avec eux. Le dialogue qui se noue entre l'enfant et l'artiste lors d'une repr\u00e9sentation est le moteur du processus de cr\u00e9ation et inspire les deux \u00e0 s'exprimer. Encourager cette interaction entre l'artiste, l'enfant et le parent est au c\u0153ur de notre vision artistique. Faire de la musique ensemble, jouer et partager ces moments cr\u00e9e une connexion et une influence positive sur les enfants.<\/p>\t\t\t\t\t\t\t\t<\/div>\n\t\t\t\t<\/div>\n\t\t\t\t<\/div>\n\t\t\t\t\t<\/div>\n\t\t\t\t<\/div>\n\t\t\t\t<\/div>","protected":false},"excerpt":{"rendered":"<p>Visie Wat is Klankennest? Het collectief Klankennest ontwikkelt een artistiek aanbod voor kinderen van 0 tot 4 jaar met de focus op muziek en beeldende kunst. Met een vast gezelschap van kunstenaars cre\u00ebert Klankennest voorstellingen, installaties, concerten en museumtours die kind en ouder uitnodigen tot verwondering en verkenning. Elk kind bezit een natuurlijke gevoeligheid voor [&hellip;]<\/p>\n","protected":false},"author":1,"featured_media":0,"parent":0,"menu_order":0,"comment_status":"closed","ping_status":"closed","template":"","meta":{"footnotes":""},"class_list":["post-59005","page","type-page","status-publish","hentry"],"_links":{"self":[{"href":"https:\/\/klankennest.be\/fr\/wp-json\/wp\/v2\/pages\/59005","targetHints":{"allow":["GET"]}}],"collection":[{"href":"https:\/\/klankennest.be\/fr\/wp-json\/wp\/v2\/pages"}],"about":[{"href":"https:\/\/klankennest.be\/fr\/wp-json\/wp\/v2\/types\/page"}],"author":[{"embeddable":true,"href":"https:\/\/klankennest.be\/fr\/wp-json\/wp\/v2\/users\/1"}],"replies":[{"embeddable":true,"href":"https:\/\/klankennest.be\/fr\/wp-json\/wp\/v2\/comments?post=59005"}],"version-history":[{"count":0,"href":"https:\/\/klankennest.be\/fr\/wp-json\/wp\/v2\/pages\/59005\/revisions"}],"wp:attachment":[{"href":"https:\/\/klankennest.be\/fr\/wp-json\/wp\/v2\/media?parent=59005"}],"curies":[{"name":"wp","href":"https:\/\/api.w.org\/{rel}","templated":true}]}}