{"id":58482,"date":"2024-07-09T12:48:08","date_gmt":"2024-07-09T10:48:08","guid":{"rendered":"https:\/\/new.klankennest.be\/?page_id=58482"},"modified":"2026-04-01T12:41:36","modified_gmt":"2026-04-01T10:41:36","slug":"collectif","status":"publish","type":"page","link":"https:\/\/klankennest.be\/fr\/collectief\/","title":{"rendered":"Le collectif"},"content":{"rendered":"<div data-elementor-type=\"wp-page\" data-elementor-id=\"58482\" class=\"elementor elementor-58482\">\n\t\t\t\t<div class=\"elementor-element elementor-element-1ebf8ce e-flex e-con-boxed e-con e-parent\" data-id=\"1ebf8ce\" data-element_type=\"container\" data-e-type=\"container\">\n\t\t\t\t\t<div class=\"e-con-inner\">\n\t\t<div class=\"elementor-element elementor-element-34d31dd e-con-full e-flex e-con e-child\" data-id=\"34d31dd\" data-element_type=\"container\" data-e-type=\"container\">\n\t\t\t\t<div class=\"elementor-element elementor-element-c4eb327 elementor-widget elementor-widget-heading\" data-id=\"c4eb327\" data-element_type=\"widget\" data-e-type=\"widget\" data-widget_type=\"heading.default\">\n\t\t\t\t<div class=\"elementor-widget-container\">\n\t\t\t\t\t<h1 class=\"elementor-heading-title elementor-size-default\">Le collectif<\/h1>\t\t\t\t<\/div>\n\t\t\t\t<\/div>\n\t\t\t\t<\/div>\n\t\t\t\t\t<\/div>\n\t\t\t\t<\/div>\n\t\t<div class=\"elementor-element elementor-element-53a6bcc e-flex e-con-boxed e-con e-parent\" data-id=\"53a6bcc\" data-element_type=\"container\" data-e-type=\"container\">\n\t\t\t\t\t<div class=\"e-con-inner\">\n\t\t<div class=\"elementor-element elementor-element-4e81511 e-con-full e-flex e-con e-child\" data-id=\"4e81511\" data-element_type=\"container\" data-e-type=\"container\">\n\t\t<div class=\"elementor-element elementor-element-798f6b2 e-con-full e-flex e-con e-child\" data-id=\"798f6b2\" data-element_type=\"container\" data-e-type=\"container\" data-settings=\"{&quot;background_background&quot;:&quot;classic&quot;}\">\n\t\t\t\t<div class=\"elementor-element elementor-element-e4c8a51 elementor-widget elementor-widget-heading\" data-id=\"e4c8a51\" data-element_type=\"widget\" data-e-type=\"widget\" data-widget_type=\"heading.default\">\n\t\t\t\t<div class=\"elementor-widget-container\">\n\t\t\t\t\t<h2 class=\"elementor-heading-title elementor-size-default\">Qu'est-ce que Nid Sonore ?<\/h2>\t\t\t\t<\/div>\n\t\t\t\t<\/div>\n\t\t\t\t<div class=\"elementor-element elementor-element-674e9b6 elementor-widget elementor-widget-text-editor\" data-id=\"674e9b6\" data-element_type=\"widget\" data-e-type=\"widget\" data-widget_type=\"text-editor.default\">\n\t\t\t\t<div class=\"elementor-widget-container\">\n\t\t\t\t\t\t\t\t\t Le collectif Nid Sonore (Klankennest) d\u00e9veloppe une offre artistique pour les tout-petits (de 0 \u00e0 4 ans), en mettant l'accent sur la musique et les arts visuels. Avec une \u00e9quipe d'artistes permanents, Nid Sonore cr\u00e9e des spectacles, des installations, des concerts et des visites de mus\u00e9es qui invitent les tout-petits et leurs (grand-)parents \u00e0 la d\u00e9couverte et \u00e0 l'\u00e9merveillement. \t\t\t\t\t\t\t\t<\/div>\n\t\t\t\t<\/div>\n\t\t\t\t<\/div>\n\t\t\t\t<\/div>\n\t\t<div class=\"elementor-element elementor-element-5bd3747 e-con-full e-flex e-con e-child\" data-id=\"5bd3747\" data-element_type=\"container\" data-e-type=\"container\">\n\t\t\t\t<div class=\"elementor-element elementor-element-111426c elementor-widget elementor-widget-heading\" data-id=\"111426c\" data-element_type=\"widget\" data-e-type=\"widget\" data-widget_type=\"heading.default\">\n\t\t\t\t<div class=\"elementor-widget-container\">\n\t\t\t\t\t<h2 class=\"elementor-heading-title elementor-size-default\">Artistes du collectif<\/h2>\t\t\t\t<\/div>\n\t\t\t\t<\/div>\n\t\t\t\t<div class=\"elementor-element elementor-element-84862cc elementor-widget elementor-widget-text-editor\" data-id=\"84862cc\" data-element_type=\"widget\" data-e-type=\"widget\" data-widget_type=\"text-editor.default\">\n\t\t\t\t<div class=\"elementor-widget-container\">\n\t\t\t\t\t\t\t\t\t<p>Liesbeth Bodyn (chant, direction artistique &amp; de production), Jeroen Van der Fraenen (arts visuels, sc\u00e9nographie &amp; coordination technique), Annemie Osborne (violoncelle &amp; chant), Tine Allegaert (trompette, chant &amp; piano), Rebecca Van Bogaert (fl\u00fbtes &amp; chant), Jozefien Derweduwen (chant &amp; fl\u00fbte), Kaja Farszky (percussions &amp; chant), Lien Annicaert (coordination des affaires &amp; conseils)<\/p>\t\t\t\t\t\t\t\t<\/div>\n\t\t\t\t<\/div>\n\t\t\t\t<div class=\"elementor-element elementor-element-b0d00c9 elementor-widget elementor-widget-heading\" data-id=\"b0d00c9\" data-element_type=\"widget\" data-e-type=\"widget\" data-widget_type=\"heading.default\">\n\t\t\t\t<div class=\"elementor-widget-container\">\n\t\t\t\t\t<h2 class=\"elementor-heading-title elementor-size-default\">Artistes associ\u00e9s<\/h2>\t\t\t\t<\/div>\n\t\t\t\t<\/div>\n\t\t\t\t<div class=\"elementor-element elementor-element-c566267 elementor-widget elementor-widget-text-editor\" data-id=\"c566267\" data-element_type=\"widget\" data-e-type=\"widget\" data-widget_type=\"text-editor.default\">\n\t\t\t\t<div class=\"elementor-widget-container\">\n\t\t\t\t\t\t\t\t\t<p>Hans Beckers (art sonore), Corentin Dellicour (violoncelle), Seraphine Stragier (violoncelle), Tchi-Ann Liu (danse), Aino Peltomaa (chant, harpe et percussions), Deborah Cachet (chant), Benjamin Glorieux (violoncelle), Aya Suzuki (percussions &amp; chant), Julie Michael (violon alto) &amp; Maaike Van de Westeringh (danse), Am\u00e8le Metlini (violon), Jonas Malfliet (accord\u00e9on), Jolien Van de Sande (saxophone) <span style=\"font-family: Roboto, sans-serif; letter-spacing: 0px;\">Tim Vandenbergh (contrebasse),\u00a0<\/span><span style=\"font-family: Roboto, sans-serif; letter-spacing: 0px;\">Linde Denys (chant), Marrie Mooij (violon baroque)<\/span><\/p>\t\t\t\t\t\t\t\t<\/div>\n\t\t\t\t<\/div>\n\t\t\t\t<\/div>\n\t\t\t\t\t<\/div>\n\t\t\t\t<\/div>\n\t\t<div class=\"elementor-element elementor-element-c410d90 e-flex e-con-boxed e-con e-parent\" data-id=\"c410d90\" data-element_type=\"container\" data-e-type=\"container\" data-settings=\"{&quot;background_background&quot;:&quot;classic&quot;}\">\n\t\t\t\t\t<div class=\"e-con-inner\">\n\t\t<div class=\"elementor-element elementor-element-c208cfe e-con-full e-flex e-con e-child\" data-id=\"c208cfe\" data-element_type=\"container\" data-e-type=\"container\">\n\t\t<div class=\"elementor-element elementor-element-adcda1c e-con-full e-flex e-con e-child\" data-id=\"adcda1c\" data-element_type=\"container\" data-e-type=\"container\">\n\t\t\t\t<div class=\"elementor-element elementor-element-be4d57f elementor-widget elementor-widget-heading\" data-id=\"be4d57f\" data-element_type=\"widget\" data-e-type=\"widget\" data-widget_type=\"heading.default\">\n\t\t\t\t<div class=\"elementor-widget-container\">\n\t\t\t\t\t<h2 class=\"elementor-heading-title elementor-size-default\">Liesbeth Bodyn<\/h2>\t\t\t\t<\/div>\n\t\t\t\t<\/div>\n\t\t\t\t<div class=\"elementor-element elementor-element-ec3b6e8 elementor-widget elementor-widget-text-editor\" data-id=\"ec3b6e8\" data-element_type=\"widget\" data-e-type=\"widget\" data-widget_type=\"text-editor.default\">\n\t\t\t\t<div class=\"elementor-widget-container\">\n\t\t\t\t\t\t\t\t\t<p>La direction artistique du collectif Nid Sonore est assur\u00e9e par la fondatrice Liesbeth Bodyn. Son exp\u00e9rience en tant que chanteuse, enseignante et p\u00e9dagogue musicale l'aide \u00e0 d\u00e9velopper une offre de grande qualit\u00e9 pour un tr\u00e8s jeune public.<\/p><p>Liesbeth a r\u00e9uni un groupe d'artistes qui, anim\u00e9s par un sens commun de la recherche et du dialogue, explorent les fronti\u00e8res entre diff\u00e9rentes disciplines artistiques, dans le but de cr\u00e9er du mat\u00e9riel artistique innovant pour les tout-petits.<\/p><p>La mani\u00e8re dont un jeune enfant explore et d\u00e9couvre le monde inspire et enrichit leur perspective en tant qu'artistes. Pour eux, les tout-petits ne sont pas un public passif, mais des participants actifs dans le processus de cr\u00e9ation.<\/p>\t\t\t\t\t\t\t\t<\/div>\n\t\t\t\t<\/div>\n\t\t\t\t<\/div>\n\t\t\t\t<\/div>\n\t\t<div class=\"elementor-element elementor-element-a71db3e e-con-full e-flex e-con e-child\" data-id=\"a71db3e\" data-element_type=\"container\" data-e-type=\"container\">\n\t\t\t\t<div class=\"elementor-element elementor-element-e67f28b elementor-widget elementor-widget-image\" data-id=\"e67f28b\" data-element_type=\"widget\" data-e-type=\"widget\" data-widget_type=\"image.default\">\n\t\t\t\t<div class=\"elementor-widget-container\">\n\t\t\t\t\t\t\t\t\t\t\t\t\t\t\t<img fetchpriority=\"high\" decoding=\"async\" width=\"768\" height=\"794\" src=\"https:\/\/klankennest.be\/wp-content\/uploads\/Klankennest20240504-17-scaled-e1722930523876-768x794.jpg\" class=\"attachment-medium_large size-medium_large wp-image-58553\" alt=\"\" srcset=\"https:\/\/klankennest.be\/wp-content\/uploads\/Klankennest20240504-17-scaled-e1722930523876-768x794.jpg 768w, https:\/\/klankennest.be\/wp-content\/uploads\/Klankennest20240504-17-scaled-e1722930523876-290x300.jpg 290w, https:\/\/klankennest.be\/wp-content\/uploads\/Klankennest20240504-17-scaled-e1722930523876-990x1024.jpg 990w, https:\/\/klankennest.be\/wp-content\/uploads\/Klankennest20240504-17-scaled-e1722930523876-145x150.jpg 145w, https:\/\/klankennest.be\/wp-content\/uploads\/Klankennest20240504-17-scaled-e1722930523876-1485x1536.jpg 1485w, https:\/\/klankennest.be\/wp-content\/uploads\/Klankennest20240504-17-scaled-e1722930523876-12x12.jpg 12w, https:\/\/klankennest.be\/wp-content\/uploads\/Klankennest20240504-17-scaled-e1722930523876-600x621.jpg 600w, https:\/\/klankennest.be\/wp-content\/uploads\/Klankennest20240504-17-scaled-e1722930523876.jpg 1856w\" sizes=\"(max-width: 768px) 100vw, 768px\" \/>\t\t\t\t\t\t\t\t\t\t\t\t\t\t\t<\/div>\n\t\t\t\t<\/div>\n\t\t\t\t<\/div>\n\t\t\t\t\t<\/div>\n\t\t\t\t<\/div>\n\t\t\t\t<\/div>","protected":false},"excerpt":{"rendered":"<p>Het collectief Wat is Klankennest? Het collectief Klankennest ontwikkelt een artistiek aanbod voor kinderen van 0 tot 4 jaar met de focus op muziek en beeldende kunst. Met een vast gezelschap van kunstenaars cre\u00ebert Klankennest voorstellingen, installaties, concerten en museumtours die kind en ouder uitnodigen tot verwondering en verkenning. Artiesten van het collectief Liesbeth Bodyn [&hellip;]<\/p>\n","protected":false},"author":1,"featured_media":0,"parent":0,"menu_order":0,"comment_status":"closed","ping_status":"closed","template":"","meta":{"footnotes":""},"class_list":["post-58482","page","type-page","status-publish","hentry"],"_links":{"self":[{"href":"https:\/\/klankennest.be\/fr\/wp-json\/wp\/v2\/pages\/58482","targetHints":{"allow":["GET"]}}],"collection":[{"href":"https:\/\/klankennest.be\/fr\/wp-json\/wp\/v2\/pages"}],"about":[{"href":"https:\/\/klankennest.be\/fr\/wp-json\/wp\/v2\/types\/page"}],"author":[{"embeddable":true,"href":"https:\/\/klankennest.be\/fr\/wp-json\/wp\/v2\/users\/1"}],"replies":[{"embeddable":true,"href":"https:\/\/klankennest.be\/fr\/wp-json\/wp\/v2\/comments?post=58482"}],"version-history":[{"count":0,"href":"https:\/\/klankennest.be\/fr\/wp-json\/wp\/v2\/pages\/58482\/revisions"}],"wp:attachment":[{"href":"https:\/\/klankennest.be\/fr\/wp-json\/wp\/v2\/media?parent=58482"}],"curies":[{"name":"wp","href":"https:\/\/api.w.org\/{rel}","templated":true}]}}