{"id":58397,"date":"2024-06-29T23:28:48","date_gmt":"2024-06-29T21:28:48","guid":{"rendered":"https:\/\/new.klankennest.be\/?page_id=58397"},"modified":"2024-09-11T14:49:01","modified_gmt":"2024-09-11T12:49:01","slug":"privacyverklaring","status":"publish","type":"page","link":"https:\/\/klankennest.be\/fr\/privacyverklaring\/","title":{"rendered":"D\u00e9claration de confidentialit\u00e9"},"content":{"rendered":"<div data-elementor-type=\"wp-page\" data-elementor-id=\"58397\" class=\"elementor elementor-58397\">\n\t\t\t\t<div class=\"elementor-element elementor-element-74316be e-flex e-con-boxed e-con e-parent\" data-id=\"74316be\" data-element_type=\"container\" data-e-type=\"container\">\n\t\t\t\t\t<div class=\"e-con-inner\">\n\t\t<div class=\"elementor-element elementor-element-73b280f e-con-full e-flex e-con e-child\" data-id=\"73b280f\" data-element_type=\"container\" data-e-type=\"container\">\n\t\t\t\t<div class=\"elementor-element elementor-element-544d376 elementor-widget elementor-widget-heading\" data-id=\"544d376\" data-element_type=\"widget\" data-e-type=\"widget\" data-widget_type=\"heading.default\">\n\t\t\t\t<div class=\"elementor-widget-container\">\n\t\t\t\t\t<h1 class=\"elementor-heading-title elementor-size-default\">D\u00e9claration de confidentialit\u00e9<\/h1>\t\t\t\t<\/div>\n\t\t\t\t<\/div>\n\t\t\t\t<div class=\"elementor-element elementor-element-1078c67 elementor-widget elementor-widget-text-editor\" data-id=\"1078c67\" data-element_type=\"widget\" data-e-type=\"widget\" data-widget_type=\"text-editor.default\">\n\t\t\t\t<div class=\"elementor-widget-container\">\n\t\t\t\t\t\t\t\t\t<p>Afin de pouvoir offrir un bon service, nous travaillons parfois avec des donn\u00e9es personnelles. Nous pensons qu'il est important de traiter vos donn\u00e9es avec soin, conform\u00e9ment \u00e0 la l\u00e9gislation europ\u00e9enne sur la protection de la vie priv\u00e9e (le R\u00e8glement g\u00e9n\u00e9ral sur la protection des donn\u00e9es, \u00e9galement connu sous le nom d'AVG ou RGPD).<\/p><h2>Qui sommes nous<\/h2><p>klankennest.be, klankennest.com en nidsonore.fr<\/p><p>Klankennest vzw<br \/>Pilaarstraat 14, 9820 Merelbeke<\/p><h2>Finalit\u00e9s et motifs du traitement<\/h2><p>Nous n'utilisons vos donn\u00e9es que si nous avons \u00e9tabli une finalit\u00e9 claire et justifi\u00e9e. Cela n'est possible que :<\/p><ul><li>Pour respecter une obligation l\u00e9gale<br \/>Pour la bonne ex\u00e9cution de nos services ou de notre mission en tant qu'organisation \u00e0 but non lucratif<\/li><li>Lorsque vous avez donn\u00e9 votre autorisation pour cela<\/li><li>Pour \u00e9viter une menace grave pour votre sant\u00e9 ou votre s\u00e9curit\u00e9<\/li><\/ul><h2>Cookies<\/h2><p>Veuillez consulter notre politique en mati\u00e8re de cookies pour plus d'informations sur la fa\u00e7on dont nous les utilisons et vos choix concernant ces technologies de suivi.<\/p><h2>Liens vers des tiers<\/h2><p>Notre site contient des liens vers d'autres sites Web qui ne sont pas exploit\u00e9s par nous. Lankennest vzw n'est pas responsable du contenu, de la politique de confidentialit\u00e9 ou des pratiques des sites ou services tiers. La politique de confidentialit\u00e9 d\u00e9crite ici s'applique uniquement au site Klankennest vzw.<\/p><h2>Proportionnalit\u00e9<\/h2><p>Nous nous limitons \u00e0 demander et \u00e0 mettre \u00e0 jour les donn\u00e9es strictement n\u00e9cessaires et nous les traitons avec soin. Cela signifie que nos collaborateurs les traitent avec discr\u00e9tion, v\u00e9rifient si elles sont compl\u00e8tes et correctes et assurent leur s\u00e9curit\u00e9.<\/p><h2>Transfert<\/h2><p>Nous ne transmettons pas vos donn\u00e9es \u00e0 des tiers, sauf s'il existe une base l\u00e9gale pour cela.<\/p><h2>R\u00e9tention<\/h2><p>Nous ne conservons pas vos donn\u00e9es plus longtemps que n\u00e9cessaire \u00e0 l'ex\u00e9cution de notre mission.<\/p><h2>Droits<\/h2><p>Vous disposez des droits suivants en vertu de la l\u00e9gislation sur la confidentialit\u00e9 :<\/p><ul><li>le droit \u00e0 l'information et \u00e0 l'acc\u00e8s : vous avez le droit de savoir si nous disposons de vos donn\u00e9es, quelles sont celles-ci, comment elles sont utilis\u00e9es et vous pouvez recevoir de plus amples explications \u00e0 ce sujet<\/li><li>le droit de rectification : si vos coordonn\u00e9es sont incorrectes, vous pouvez nous demander de les corriger<\/li><li>le droit de rectification : si vos coordonn\u00e9es sont incorrectes, vous pouvez nous  le droit d'opposition : vous pouvez vous opposer \u00e0 l'utilisation de vos donn\u00e9es et nous nous y conformerons sauf s'il existe des motifs l\u00e9gitimes pour celade les corriger<\/li><li>le droit \u00e0 l'oubli : vous pouvez en principe nous demander de supprimer vos donn\u00e9es, mais en tant que gouvernement, nous ne sommes dans la plupart des cas pas autoris\u00e9s \u00e0 agir en cons\u00e9quence<\/li><\/ul><p>Tant que l'un des droits ci-dessus n'est pas respect\u00e9, vous pouvez nous demander de cesser temporairement d'utiliser vos donn\u00e9es.<\/p><p>Vous pouvez exercer vos droits en nous contactant. Vous trouverez nos coordonn\u00e9es en haut de cette page. Vous devrez toujours justifier de votre identit\u00e9. Nous vous ferons savoir dans un d\u00e9lai d'un mois ce qu'il adviendra de votre demande.<\/p><h2>Profilage<\/h2><p>Nous n'utilisons pas de profilage.<\/p><h2>Big data et suivi<\/h2><p>Nous n\u2019utilisons pas le Big Data ni le suivi.<\/p><h2>D\u00e9tails du contact<\/h2><p>Si vous avez des questions, des commentaires ou des r\u00e9clamations, veuillez nous en informer par e-mail ou par courrier \u00e0 Klankennest asbl, Pilaarstraat 14, 9820 Merelbeke, Belgique.<\/p><p>Les plaintes concernant la confidentialit\u00e9 peuvent \u00eatre adress\u00e9es \u00e0 :<\/p><p>Autorit\u00e9 de protection des donn\u00e9es<br \/>Drukpersstraat 35, 1000 Brussel<br \/>+32 (0)2 274 48 00<br \/>+32 (0)2 274 48 35<br \/><a href=\"mailto:contact@apd-gba.be\">contact@apd-gba.be<\/a><\/p>\t\t\t\t\t\t\t\t<\/div>\n\t\t\t\t<\/div>\n\t\t\t\t<\/div>\n\t\t\t\t\t<\/div>\n\t\t\t\t<\/div>\n\t\t\t\t<\/div>","protected":false},"excerpt":{"rendered":"<p>Privacyverklaring Om als vzw een goede dienstverlening te kunnen aanbieden, werken wij soms met persoonsgegevens. Wij vinden het belangrijk om zorgvuldig om te gaan met jouw gegevens, in lijn met de Europese privacywetgeving (de Algemene Verordening Gegevensbescherming, ook wel AVG of GDPR). Wie zijn we klankennest.be, klankennest.com en nidsonore.fr Klankennest vzwPilaarstraat 14, 9820 Merelbeke Doeleinden [&hellip;]<\/p>\n","protected":false},"author":1,"featured_media":0,"parent":0,"menu_order":0,"comment_status":"closed","ping_status":"closed","template":"","meta":{"footnotes":""},"class_list":["post-58397","page","type-page","status-publish","hentry"],"_links":{"self":[{"href":"https:\/\/klankennest.be\/fr\/wp-json\/wp\/v2\/pages\/58397","targetHints":{"allow":["GET"]}}],"collection":[{"href":"https:\/\/klankennest.be\/fr\/wp-json\/wp\/v2\/pages"}],"about":[{"href":"https:\/\/klankennest.be\/fr\/wp-json\/wp\/v2\/types\/page"}],"author":[{"embeddable":true,"href":"https:\/\/klankennest.be\/fr\/wp-json\/wp\/v2\/users\/1"}],"replies":[{"embeddable":true,"href":"https:\/\/klankennest.be\/fr\/wp-json\/wp\/v2\/comments?post=58397"}],"version-history":[{"count":0,"href":"https:\/\/klankennest.be\/fr\/wp-json\/wp\/v2\/pages\/58397\/revisions"}],"wp:attachment":[{"href":"https:\/\/klankennest.be\/fr\/wp-json\/wp\/v2\/media?parent=58397"}],"curies":[{"name":"wp","href":"https:\/\/api.w.org\/{rel}","templated":true}]}}